{"id":829,"date":"2021-04-01T21:35:58","date_gmt":"2021-04-01T18:35:58","guid":{"rendered":"https:\/\/yelisangroup.com\/?page_id=829"},"modified":"2021-04-01T22:12:21","modified_gmt":"2021-04-01T19:12:21","slug":"komur","status":"publish","type":"page","link":"https:\/\/yelisangroup.com\/ru\/komur\/","title":{"rendered":"\u041a\u0410\u041c\u0415\u041d\u041d\u042b\u0419 \u0423\u0413\u041e\u041b\u042c"},"content":{"rendered":"<section class=\"wpb-content-wrapper\"><section  class=\"content-section no-spacing\" ><div class=\"container\"><div class=\"vc_row wpb_row vc_row-fluid urunpage vc_custom_1616685936988\"><div class=\"wpb_column vc_column_container vc_col-sm-12\"><div class=\"vc_column-inner\"><div class=\"wpb_wrapper\"><div class=\"vc_row wpb_row vc_inner vc_row-fluid\"><div class=\"wpb_column vc_column_container vc_col-sm-4\"><div class=\"vc_column-inner\"><div class=\"wpb_wrapper\"><figure class=\"image-title-box\" >\n  <a href=\"https:\/\/yelisangroup.com\/ru\/findik-kabugu-mangal-komuru\/\"><img decoding=\"async\" src=\"https:\/\/yelisangroup.com\/wp-content\/uploads\/2021\/04\/Findik-Kabugu-Mangal-Komuru.jpg\" alt=\"F\u0131nd\u0131k Kabu\u011fu Mangal K\u00f6m\u00fcr\u00fc\"><\/a>\n    <figcaption>\n      <h4><a href=\"https:\/\/yelisangroup.com\/ru\/findik-kabugu-mangal-komuru\/\">\u0414\u0440\u0435\u0432\u0435\u0441\u043d\u044b\u0439 \u0443\u0433\u043e\u043b\u044c \u0438\u0437 \u0441\u043a\u043e\u0440\u043b\u0443\u043f\u044b \u043b\u0435\u0441\u043d\u043e\u0433\u043e \u043e\u0440\u0435\u0445\u0430<\/a><\/h4>\n    <\/figcaption>\n<\/figure>\n<\/div><\/div><\/div><div class=\"wpb_column vc_column_container vc_col-sm-4\"><div class=\"vc_column-inner\"><div class=\"wpb_wrapper\"><\/div><\/div><\/div><div class=\"wpb_column vc_column_container vc_col-sm-4\"><div class=\"vc_column-inner\"><div class=\"wpb_wrapper\"><\/div><\/div><\/div><\/div><\/div><\/div><\/div><\/div><\/div><\/section>\n<\/section>","protected":false},"excerpt":{"rendered":"\u0414\u0440\u0435\u0432\u0435\u0441\u043d\u044b\u0439 \u0443\u0433\u043e\u043b\u044c \u0438\u0437 \u0441\u043a\u043e\u0440\u043b\u0443\u043f\u044b \u043b\u0435\u0441\u043d\u043e\u0433\u043e \u043e\u0440\u0435\u0445\u0430","protected":false},"author":1,"featured_media":0,"parent":0,"menu_order":0,"comment_status":"closed","ping_status":"closed","template":"page-builder.php","meta":{"pgc_sgb_lightbox_settings":"","footnotes":""},"tags":[],"class_list":["post-829","page","type-page","status-publish","hentry"],"_links":{"self":[{"href":"https:\/\/yelisangroup.com\/ru\/wp-json\/wp\/v2\/pages\/829","targetHints":{"allow":["GET"]}}],"collection":[{"href":"https:\/\/yelisangroup.com\/ru\/wp-json\/wp\/v2\/pages"}],"about":[{"href":"https:\/\/yelisangroup.com\/ru\/wp-json\/wp\/v2\/types\/page"}],"author":[{"embeddable":true,"href":"https:\/\/yelisangroup.com\/ru\/wp-json\/wp\/v2\/users\/1"}],"replies":[{"embeddable":true,"href":"https:\/\/yelisangroup.com\/ru\/wp-json\/wp\/v2\/comments?post=829"}],"version-history":[{"count":0,"href":"https:\/\/yelisangroup.com\/ru\/wp-json\/wp\/v2\/pages\/829\/revisions"}],"wp:attachment":[{"href":"https:\/\/yelisangroup.com\/ru\/wp-json\/wp\/v2\/media?parent=829"}],"wp:term":[{"taxonomy":"post_tag","embeddable":true,"href":"https:\/\/yelisangroup.com\/ru\/wp-json\/wp\/v2\/tags?post=829"}],"curies":[{"name":"wp","href":"https:\/\/api.w.org\/{rel}","templated":true}]}}