{"id":799,"date":"2021-04-01T13:58:22","date_gmt":"2021-04-01T10:58:22","guid":{"rendered":"https:\/\/yelisangroup.com\/?page_id=799"},"modified":"2021-04-19T11:17:31","modified_gmt":"2021-04-19T08:17:31","slug":"kabuk","status":"publish","type":"page","link":"https:\/\/yelisangroup.com\/es\/kabuk\/","title":{"rendered":"C\u00c1SCARA"},"content":{"rendered":"<section class=\"wpb-content-wrapper\"><section  class=\"content-section no-spacing\" ><div class=\"container\"><div class=\"vc_row wpb_row vc_row-fluid urunpage vc_custom_1616685936988\"><div class=\"wpb_column vc_column_container vc_col-sm-12\"><div class=\"vc_column-inner\"><div class=\"wpb_wrapper\"><div class=\"vc_row wpb_row vc_inner vc_row-fluid\"><div class=\"wpb_column vc_column_container vc_col-sm-4\"><div class=\"vc_column-inner\"><div class=\"wpb_wrapper\"><figure class=\"image-title-box\" >\n  <a href=\"https:\/\/yelisangroup.com\/es\/kayisi-cekirdegi-kabugu\/\"><img decoding=\"async\" src=\"https:\/\/yelisangroup.com\/wp-content\/uploads\/2021\/03\/kayisi-cekirdegi-kayisi-kuru-kayisi-granul-yelisan-group.jpg\" alt=\"Kay\u0131s\u0131 \u00c7ekirde\u011fi Kabu\u011fu\"><\/a>\n    <figcaption>\n      <h4><a href=\"https:\/\/yelisangroup.com\/es\/kayisi-cekirdegi-kabugu\/\">C\u00e1scara de hueso de albaricoque<\/a><\/h4>\n    <\/figcaption>\n<\/figure>\n<\/div><\/div><\/div><div class=\"wpb_column vc_column_container vc_col-sm-4\"><div class=\"vc_column-inner\"><div class=\"wpb_wrapper\"><figure class=\"image-title-box\" >\n  <a href=\"https:\/\/yelisangroup.com\/es\/findik-kabugu\/\"><img decoding=\"async\" src=\"https:\/\/yelisangroup.com\/wp-content\/uploads\/2021\/04\/Findik-Kabugu-Granulu.jpg\" alt=\"F\u0131nd\u0131k kabu\u011fu\"><\/a>\n    <figcaption>\n      <h4><a href=\"https:\/\/yelisangroup.com\/es\/findik-kabugu\/\">C\u00e1scara de avellana<\/a><\/h4>\n    <\/figcaption>\n<\/figure>\n<\/div><\/div><\/div><div class=\"wpb_column vc_column_container vc_col-sm-4\"><div class=\"vc_column-inner\"><div class=\"wpb_wrapper\"><figure class=\"image-title-box\" >\n  <a href=\"https:\/\/yelisangroup.com\/es\/fistik-kabugu\/\"><img decoding=\"async\" src=\"https:\/\/yelisangroup.com\/wp-content\/uploads\/2021\/03\/fistik-kabugu-granulu.jpg\" alt=\"F\u0131st\u0131k kabu\u011fu\"><\/a>\n    <figcaption>\n      <h4><a href=\"https:\/\/yelisangroup.com\/es\/fistik-kabugu\/\">C\u00e1scara de man\u00ed<\/a><\/h4>\n    <\/figcaption>\n<\/figure>\n<\/div><\/div><\/div><\/div><div class=\"vc_row wpb_row vc_inner vc_row-fluid\"><div class=\"wpb_column vc_column_container vc_col-sm-4\"><div class=\"vc_column-inner\"><div class=\"wpb_wrapper\"><figure class=\"image-title-box\" >\n  <a href=\"https:\/\/yelisangroup.com\/es\/badem-kabugu\/\"><img decoding=\"async\" src=\"https:\/\/yelisangroup.com\/wp-content\/uploads\/2021\/03\/badem-kabugu-granulu.jpg\" alt=\"Badem Kabu\u011fu\"><\/a>\n    <figcaption>\n      <h4><a href=\"https:\/\/yelisangroup.com\/es\/badem-kabugu\/\">Piel de almendra<\/a><\/h4>\n    <\/figcaption>\n<\/figure>\n<\/div><\/div><\/div><div class=\"wpb_column vc_column_container vc_col-sm-4\"><div class=\"vc_column-inner\"><div class=\"wpb_wrapper\"><figure class=\"image-title-box\" >\n  <a href=\"https:\/\/yelisangroup.com\/es\/ceviz-kabugu\/\"><img decoding=\"async\" src=\"https:\/\/yelisangroup.com\/wp-content\/uploads\/2021\/04\/Ceviz-Kabugu.jpg\" alt=\"Ceviz Kabu\u011fu\"><\/a>\n    <figcaption>\n      <h4><a href=\"https:\/\/yelisangroup.com\/es\/ceviz-kabugu\/\">c\u00e1scara de nuez<\/a><\/h4>\n    <\/figcaption>\n<\/figure>\n<\/div><\/div><\/div><div class=\"wpb_column vc_column_container vc_col-sm-4\"><div class=\"vc_column-inner\"><div class=\"wpb_wrapper\"><figure class=\"image-title-box\" >\n  <a href=\"https:\/\/yelisangroup.com\/es\/seftali-cekirdegi-kabugu\/\"><img decoding=\"async\" src=\"https:\/\/yelisangroup.com\/wp-content\/uploads\/2021\/04\/Seftali-Cekirdegi-Kabugu.jpg\" alt=\"\u015eeftali \u00c7ekirde\u011fi Kabu\u011fu\"><\/a>\n    <figcaption>\n      <h4><a href=\"https:\/\/yelisangroup.com\/es\/seftali-cekirdegi-kabugu\/\">C\u00e1scara de semillas de melocot\u00f3n<\/a><\/h4>\n    <\/figcaption>\n<\/figure>\n<\/div><\/div><\/div><\/div><div class=\"vc_row wpb_row vc_inner vc_row-fluid\"><div class=\"wpb_column vc_column_container vc_col-sm-4\"><div class=\"vc_column-inner\"><div class=\"wpb_wrapper\"><figure class=\"image-title-box\" >\n  <a href=\"https:\/\/yelisangroup.com\/es\/visne-cekirdegi\/\"><img decoding=\"async\" src=\"https:\/\/yelisangroup.com\/wp-content\/uploads\/2021\/04\/Visne-Cekirdegi.jpg\" alt=\"Vi\u015fne \u00c7ekirde\u011fi\"><\/a>\n    <figcaption>\n      <h4><a href=\"https:\/\/yelisangroup.com\/es\/visne-cekirdegi\/\">Cereza Kernel<\/a><\/h4>\n    <\/figcaption>\n<\/figure>\n<\/div><\/div><\/div><div class=\"wpb_column vc_column_container vc_col-sm-4\"><div class=\"vc_column-inner\"><div class=\"wpb_wrapper\"><\/div><\/div><\/div><div class=\"wpb_column vc_column_container vc_col-sm-4\"><div class=\"vc_column-inner\"><div class=\"wpb_wrapper\"><\/div><\/div><\/div><\/div><\/div><\/div><\/div><\/div><\/div><\/section>\n<\/section>","protected":false},"excerpt":{"rendered":"Kay\u0131s\u0131 \u00c7ekirde\u011fi Kabu\u011fu F\u0131nd\u0131k kabu\u011fu F\u0131st\u0131k kabu\u011fu Badem Kabu\u011fu Ceviz Kabu\u011fu \u015eeftali \u00c7ekirde\u011fi Kabu\u011fu Vi\u015fne \u00c7ekirde\u011fi","protected":false},"author":1,"featured_media":0,"parent":0,"menu_order":0,"comment_status":"closed","ping_status":"closed","template":"page-builder.php","meta":{"pgc_sgb_lightbox_settings":"","footnotes":""},"tags":[],"class_list":["post-799","page","type-page","status-publish","hentry"],"_links":{"self":[{"href":"https:\/\/yelisangroup.com\/es\/wp-json\/wp\/v2\/pages\/799","targetHints":{"allow":["GET"]}}],"collection":[{"href":"https:\/\/yelisangroup.com\/es\/wp-json\/wp\/v2\/pages"}],"about":[{"href":"https:\/\/yelisangroup.com\/es\/wp-json\/wp\/v2\/types\/page"}],"author":[{"embeddable":true,"href":"https:\/\/yelisangroup.com\/es\/wp-json\/wp\/v2\/users\/1"}],"replies":[{"embeddable":true,"href":"https:\/\/yelisangroup.com\/es\/wp-json\/wp\/v2\/comments?post=799"}],"version-history":[{"count":0,"href":"https:\/\/yelisangroup.com\/es\/wp-json\/wp\/v2\/pages\/799\/revisions"}],"wp:attachment":[{"href":"https:\/\/yelisangroup.com\/es\/wp-json\/wp\/v2\/media?parent=799"}],"wp:term":[{"taxonomy":"post_tag","embeddable":true,"href":"https:\/\/yelisangroup.com\/es\/wp-json\/wp\/v2\/tags?post=799"}],"curies":[{"name":"wp","href":"https:\/\/api.w.org\/{rel}","templated":true}]}}