{"id":762,"date":"2021-03-30T17:02:43","date_gmt":"2021-03-30T14:02:43","guid":{"rendered":"https:\/\/yelisangroup.com\/?page_id=762"},"modified":"2021-04-01T22:14:48","modified_gmt":"2021-04-01T19:14:48","slug":"kayisi-cekirdegi","status":"publish","type":"page","link":"https:\/\/yelisangroup.com\/es\/kayisi-cekirdegi\/","title":{"rendered":"EL HUESO DEL ALBARICOQUE"},"content":{"rendered":"<section class=\"wpb-content-wrapper\"><section  class=\"content-section no-spacing\" ><div class=\"container\"><div class=\"vc_row wpb_row vc_row-fluid urunpage vc_custom_1616685936988\"><div class=\"wpb_column vc_column_container vc_col-sm-12\"><div class=\"vc_column-inner\"><div class=\"wpb_wrapper\"><div class=\"vc_row wpb_row vc_inner vc_row-fluid\"><div class=\"wpb_column vc_column_container vc_col-sm-4\"><div class=\"vc_column-inner\"><div class=\"wpb_wrapper\"><figure class=\"image-title-box\" >\n  <a href=\"https:\/\/yelisangroup.com\/es\/tatli-kayisi-cekirdegi\/\"><img decoding=\"async\" src=\"https:\/\/yelisangroup.com\/wp-content\/uploads\/2021\/03\/Tatli-Kayisi-Cekirdegi.jpg\" alt=\"Tatl\u0131 Kay\u0131s\u0131 \u00c7ekirde\u011fi\"><\/a>\n    <figcaption>\n      <h4><a href=\"https:\/\/yelisangroup.com\/es\/tatli-kayisi-cekirdegi\/\">Hueso de albaricoque dulce<\/a><\/h4>\n    <\/figcaption>\n<\/figure>\n<\/div><\/div><\/div><div class=\"wpb_column vc_column_container vc_col-sm-4\"><div class=\"vc_column-inner\"><div class=\"wpb_wrapper\"><figure class=\"image-title-box\" >\n  <a href=\"https:\/\/yelisangroup.com\/es\/aci-kayisi-cekirdegi\/\"><img decoding=\"async\" src=\"https:\/\/yelisangroup.com\/wp-content\/uploads\/2021\/03\/Aci-Kayisi-Cekirdegi.jpg\" alt=\"Ac\u0131 Kay\u0131s\u0131 \u00c7ekirde\u011fi\"><\/a>\n    <figcaption>\n      <h4><a href=\"https:\/\/yelisangroup.com\/es\/aci-kayisi-cekirdegi\/\">Hueso de albaricoque amargo<\/a><\/h4>\n    <\/figcaption>\n<\/figure>\n<\/div><\/div><\/div><div class=\"wpb_column vc_column_container vc_col-sm-4\"><div class=\"vc_column-inner\"><div class=\"wpb_wrapper\"><figure class=\"image-title-box\" >\n  <a href=\"https:\/\/yelisangroup.com\/es\/organik-cekirdek\/\"><img decoding=\"async\" src=\"https:\/\/yelisangroup.com\/wp-content\/uploads\/2021\/03\/organik-kayisi-cekirdegi.jpg\" alt=\"Organik \u00c7ekirdek\"><\/a>\n    <figcaption>\n      <h4><a href=\"https:\/\/yelisangroup.com\/es\/organik-cekirdek\/\">Kernel org\u00e1nico<\/a><\/h4>\n    <\/figcaption>\n<\/figure>\n<\/div><\/div><\/div><\/div><\/div><\/div><\/div><\/div><\/div><\/section>\n<\/section>","protected":false},"excerpt":{"rendered":"Tatl\u0131 Kay\u0131s\u0131 \u00c7ekirde\u011fi Ac\u0131 Kay\u0131s\u0131 \u00c7ekirde\u011fi Organik \u00c7ekirdek","protected":false},"author":1,"featured_media":0,"parent":0,"menu_order":0,"comment_status":"closed","ping_status":"closed","template":"page-builder.php","meta":{"pgc_sgb_lightbox_settings":"","footnotes":""},"tags":[],"class_list":["post-762","page","type-page","status-publish","hentry"],"_links":{"self":[{"href":"https:\/\/yelisangroup.com\/es\/wp-json\/wp\/v2\/pages\/762","targetHints":{"allow":["GET"]}}],"collection":[{"href":"https:\/\/yelisangroup.com\/es\/wp-json\/wp\/v2\/pages"}],"about":[{"href":"https:\/\/yelisangroup.com\/es\/wp-json\/wp\/v2\/types\/page"}],"author":[{"embeddable":true,"href":"https:\/\/yelisangroup.com\/es\/wp-json\/wp\/v2\/users\/1"}],"replies":[{"embeddable":true,"href":"https:\/\/yelisangroup.com\/es\/wp-json\/wp\/v2\/comments?post=762"}],"version-history":[{"count":0,"href":"https:\/\/yelisangroup.com\/es\/wp-json\/wp\/v2\/pages\/762\/revisions"}],"wp:attachment":[{"href":"https:\/\/yelisangroup.com\/es\/wp-json\/wp\/v2\/media?parent=762"}],"wp:term":[{"taxonomy":"post_tag","embeddable":true,"href":"https:\/\/yelisangroup.com\/es\/wp-json\/wp\/v2\/tags?post=762"}],"curies":[{"name":"wp","href":"https:\/\/api.w.org\/{rel}","templated":true}]}}